{"id":1105,"date":"2023-09-11T14:15:53","date_gmt":"2023-09-11T14:15:53","guid":{"rendered":"https:\/\/palazzozimara.it\/la-bocca-restaurant\/"},"modified":"2025-04-19T16:49:38","modified_gmt":"2025-04-19T16:49:38","slug":"la-bocca-restaurant","status":"publish","type":"page","link":"https:\/\/palazzozimara.it\/it\/la-bocca-restaurant\/","title":{"rendered":"La Bocca Restaurant"},"content":{"rendered":"<h1>La Bocca <span class=\"uk-h2\">Restaurant<\/span><\/h1>\n<div>\n<h2>Il ristorante La Bocca offre agli ospiti un&#8217;esperienza gastronomica a km0 unica sia all&#8217;interno di una raffinata sala da pranzo che all&#8217;aperto in un intimo cortile con giardino.<\/h2>\n<h3>La filosofia del ristorante \u00e8 valorizzare la cucina locale e far sentire anche il cliente parte del viaggio. Spiegare ogni piatto, soddisfare le esigenze del cliente e farlo sentire a casa.<br \/>\n<\/h3>\n<\/div>\n<div>\n<p><i>La cucina \u00e8 un\u2019esperienza sensoriale che coinvolge tutti i nostri sensi, ma \u201cLa Bocca\u201d \u00e8 l\u2019organo di senso pi\u00f9 primordiale e autentico che definisce il gusto e la bont\u00e0 del cibo. <\/i><\/p>\n<p><i>\u201cLa Bocca\u201d \u00e8 anche la porta attraverso la quale si condividono pensieri ed emozioni, e il nostro impegno \u00e8 trasmettere sempre questo senso di convivialit\u00e0 e sensazione di casa per regalare ai nostri ospiti un vero momento di totale serenit\u00e0.<\/i><\/p>\n<p><i>Perch\u00e9 \u201cRistorante La Bocca\u201d con la sua cucina vuole essere pi\u00f9 che \u201cemozione\u201d. Vogliamo trasmettere la sensazione di un ambiente domestico familiare e accompagnarlo con il sorriso e la passione di chi crede da sempre nella grande tradizione dell&#8217;ospitalit\u00e0 italiana.<\/i><\/p>\n<h5><\/h5>\n<\/div>\n<p>\n    <a href=\"\/wp-content\/uploads\/2025\/04\/menu-bocca-completo_pdf.pdf\">IL MENU<\/a>\n<\/p>\n<hr>\n<div>\n<h4>Orari di Apertura<\/h4>\n<p>Luned\u00ec: chiuso<br \/>Marted\u00ec &#8211; Domenica: 19.00 alle 23.00<\/p>\n<\/div>\n<p>\n    <a href=\"https:\/\/wa.me\/393517348896\">Whatsapp<\/a>\n<\/p>\n<div>\n<p><span>+39 0832 405261<\/span><\/p>\n<\/div>\n<p>\n    <a href=\"mailto:labocca@palazzozimara.it\">E-Mail<\/a>\n<\/p>\n<div>labocca@palazzozimara.it<\/div>\n<p><img decoding=\"async\" src=\"\/wp-content\/uploads\/2023\/09\/la_bocca_logo_inv.svg\" alt=\"\"><br \/>\n<img decoding=\"async\" src=\"\/wp-content\/uploads\/2024\/05\/palazzoZimara_garden_05-1-scaled.jpg\" alt=\"\"><br \/>\n<img decoding=\"async\" src=\"\/wp-content\/uploads\/2024\/05\/palazzoZimara_restaurant_22-1-scaled.jpg\" alt=\"\"><br \/>\n<img decoding=\"async\" src=\"\/wp-content\/uploads\/2024\/05\/palazzoZimara_restaurant_38-scaled.jpg\" alt=\"\"><br \/>\n<img decoding=\"async\" src=\"\/wp-content\/uploads\/2024\/05\/palazzoZimara_kitchen_05-scaled.jpg\" alt=\"\"><br \/>\n<img decoding=\"async\" src=\"\/wp-content\/uploads\/2024\/05\/palazzoZimara_restaurant_36-scaled.jpg\" alt=\"\"><br \/>\n<img decoding=\"async\" src=\"\/wp-content\/uploads\/2024\/05\/palazzoZimara_ingredients_05-scaled.jpg\" alt=\"\"><br \/>\n<img decoding=\"async\" src=\"\/wp-content\/uploads\/2024\/05\/palazzoZimara_kitchen_24-scaled.jpg\" alt=\"\"><br \/>\n<img decoding=\"async\" src=\"\/wp-content\/uploads\/2024\/05\/palazzoZimara_service_01-scaled.jpg\" alt=\"\"><\/p>\n<p><!--more--><br \/>\n<!-- {\"type\":\"layout\",\"children\":[{\"type\":\"section\",\"props\":{\"animation\":\"fade\",\"animation_delay\":\"200\",\"header_transparent\":true,\"height\":\"viewport\",\"height_offset_top\":true,\"height_viewport\":80,\"image\":\"wp-content\\\/uploads\\\/2024\\\/05\\\/la_bocca_restaurant.jpg\",\"image_position\":\"bottom-center\",\"image_size\":\"cover\",\"padding\":\"large\",\"sticky\":\"cover\",\"style\":\"default\",\"text_color\":\"light\",\"title_breakpoint\":\"xl\",\"title_position\":\"top-left\",\"title_rotation\":\"left\",\"vertical_align\":\"bottom\",\"width\":\"\"},\"children\":[{\"type\":\"row\",\"children\":[{\"type\":\"column\",\"props\":{\"image_position\":\"center-center\",\"position_sticky_breakpoint\":\"m\"},\"children\":[{\"type\":\"headline\",\"props\":{\"animation\":\"slide-top-small\",\"block_align\":\"center\",\"content\":\"La Bocca <span class=\\\"uk-h2\\\">Restaurant<\\\/span>\",\"maxwidth\":\"medium\",\"text_align\":\"center\",\"title_element\":\"h1\"}}]}],\"props\":{\"width\":\"default\"}}],\"name\":\"Intro Section\"},{\"type\":\"section\",\"props\":{\"animation\":\"fade\",\"animation_delay\":\"200\",\"image_position\":\"center-center\",\"style\":\"primary\",\"title_breakpoint\":\"xl\",\"title_position\":\"top-left\",\"title_rotation\":\"left\",\"vertical_align\":\"\",\"width\":\"default\"},\"children\":[{\"type\":\"row\",\"children\":[{\"type\":\"column\",\"props\":{\"image_position\":\"center-center\",\"position_sticky_breakpoint\":\"m\"},\"children\":[{\"type\":\"text\",\"props\":{\"block_align\":\"center\",\"column_breakpoint\":\"m\",\"content\":\"\n\n<h2>Il ristorante La Bocca offre agli ospiti un'esperienza gastronomica a km0 unica sia all'interno di una raffinata sala da pranzo che all'aperto in un intimo cortile con giardino.<\\\/h2>\\n\n\n<h3>La filosofia del ristorante \\u00e8 valorizzare la cucina locale e far sentire anche il cliente parte del viaggio. Spiegare ogni piatto, soddisfare le esigenze del cliente e farlo sentire a casa.\\n<\\\/h3>\\n\",\"margin\":\"default\",\"text_align\":\"center\"}},{\"type\":\"text\",\"props\":{\"block_align\":\"center\",\"column_breakpoint\":\"m\",\"content\":\"\n\n<p><i>La cucina \\u00e8 un\\u2019esperienza sensoriale che coinvolge tutti i nostri sensi, ma \\u201cLa Bocca\\u201d \\u00e8 l\\u2019organo di senso pi\\u00f9 primordiale e autentico che definisce il gusto e la bont\\u00e0 del cibo. <\\\/i><\\\/p>\\n\n\n<p><i>\\u201cLa Bocca\\u201d \\u00e8 anche la porta attraverso la quale si condividono pensieri ed emozioni, e il nostro impegno \\u00e8 trasmettere sempre questo senso di convivialit\\u00e0 e sensazione di casa per regalare ai nostri ospiti un vero momento di totale serenit\\u00e0.<\\\/i><\\\/p>\\n\n\n<p><i>Perch\\u00e9 \\u201cRistorante La Bocca\\u201d con la sua cucina vuole essere pi\\u00f9 che \\u201cemozione\\u201d. Vogliamo trasmettere la sensazione di un ambiente domestico familiare e accompagnarlo con il sorriso e la passione di chi crede da sempre nella grande tradizione dell'ospitalit\\u00e0 italiana.<\\\/i><\\\/p>\\n\n\n<h5><\\\/h5>\",\"margin\":\"large\",\"maxwidth\":\"2xlarge\",\"text_align\":\"center\"}},{\"type\":\"button\",\"props\":{\"grid_column_gap\":\"small\",\"grid_row_gap\":\"small\",\"margin\":\"medium\",\"text_align\":\"center\"},\"children\":[{\"type\":\"button_item\",\"props\":{\"button_style\":\"secondary\",\"content\":\"IL MENU\",\"icon_align\":\"left\",\"link\":\"wp-content\\\/uploads\\\/2025\\\/04\\\/menu-bocca-completo_pdf.pdf\",\"link_target\":\"blank\"}}]}]}]},{\"type\":\"row\",\"children\":[{\"type\":\"column\",\"props\":{\"image_position\":\"center-center\",\"position_sticky_breakpoint\":\"m\"},\"children\":[{\"type\":\"divider\",\"props\":{\"divider_element\":\"hr\"}}]}]},{\"type\":\"row\",\"props\":{\"layout\":\"1-3,1-3,1-3\"},\"children\":[{\"type\":\"column\",\"props\":{\"image_position\":\"center-center\",\"position_sticky_breakpoint\":\"m\",\"width_medium\":\"1-3\"},\"children\":[{\"type\":\"text\",\"props\":{\"column_breakpoint\":\"m\",\"content\":\"\n\n<h4>Orari di Apertura<\\\/h4>\\n\n\n<p>Luned\\u00ec: chiuso<br \\\/>Marted\\u00ec - Domenica: 19.00 alle 23.00<\\\/p>\",\"margin\":\"default\",\"text_align\":\"center\"}}]},{\"type\":\"column\",\"props\":{\"image_position\":\"center-center\",\"position_sticky_breakpoint\":\"m\",\"width_medium\":\"1-3\"},\"children\":[{\"type\":\"button\",\"props\":{\"grid_column_gap\":\"small\",\"grid_row_gap\":\"small\",\"margin\":\"medium\",\"text_align\":\"center\"},\"children\":[{\"type\":\"button_item\",\"props\":{\"button_style\":\"default\",\"content\":\"Whatsapp\",\"icon\":\"whatsapp\",\"icon_align\":\"left\",\"link\":\"https:\\\/\\\/wa.me\\\/393517348896\"}}]},{\"type\":\"text\",\"props\":{\"column_breakpoint\":\"m\",\"content\":\"\n\n<p><span>+39 0832 405261<\\\/span><\\\/p>\",\"margin\":\"default\",\"text_align\":\"center\"}}]},{\"type\":\"column\",\"props\":{\"image_position\":\"center-center\",\"position_sticky_breakpoint\":\"m\",\"width_medium\":\"1-3\"},\"children\":[{\"type\":\"button\",\"props\":{\"grid_column_gap\":\"small\",\"grid_row_gap\":\"small\",\"margin\":\"medium\",\"text_align\":\"center\"},\"children\":[{\"type\":\"button_item\",\"props\":{\"button_style\":\"default\",\"content\":\"E-Mail\",\"icon\":\"mail\",\"icon_align\":\"left\",\"link\":\"mailto:labocca@palazzozimara.it\"}}]},{\"type\":\"text\",\"props\":{\"column_breakpoint\":\"m\",\"content\":\"labocca@palazzozimara.it\",\"margin\":\"default\",\"text_align\":\"center\"}}]}]}]},{\"type\":\"section\",\"props\":{\"image_position\":\"center-center\",\"style\":\"default\",\"title_breakpoint\":\"xl\",\"title_position\":\"top-left\",\"title_rotation\":\"left\",\"vertical_align\":\"\",\"width\":\"default\"},\"children\":[{\"type\":\"row\",\"children\":[{\"type\":\"column\",\"props\":{\"image_position\":\"center-center\",\"position_sticky_breakpoint\":\"m\"},\"children\":[{\"type\":\"image\",\"props\":{\"animation\":\"slide-bottom-small\",\"image\":\"wp-content\\\/uploads\\\/2023\\\/09\\\/la_bocca_logo_inv.svg\",\"image_svg_color\":\"emphasis\",\"image_width\":\"150px\",\"margin\":\"default\",\"text_align\":\"center\"}}]}]},{\"type\":\"row\",\"props\":{\"layout\":\"1-2,1-2\"},\"children\":[{\"type\":\"column\",\"props\":{\"image_position\":\"center-center\",\"position_sticky_breakpoint\":\"m\",\"width_medium\":\"1-2\"},\"children\":[{\"type\":\"image\",\"props\":{\"image\":\"wp-content\\\/uploads\\\/2024\\\/05\\\/palazzoZimara_garden_05-1-scaled.jpg\",\"image_svg_color\":\"emphasis\",\"margin\":\"default\"}}]},{\"type\":\"column\",\"props\":{\"image_position\":\"center-center\",\"position_sticky_breakpoint\":\"m\",\"width_medium\":\"1-2\"},\"children\":[{\"type\":\"image\",\"props\":{\"image\":\"wp-content\\\/uploads\\\/2024\\\/05\\\/palazzoZimara_restaurant_22-1-scaled.jpg\",\"image_svg_color\":\"emphasis\",\"margin\":\"default\"}}]}]},{\"type\":\"row\",\"props\":{\"layout\":\"1-3,1-3,1-3\"},\"children\":[{\"type\":\"column\",\"props\":{\"image_position\":\"center-center\",\"position_sticky_breakpoint\":\"m\",\"width_medium\":\"1-3\"},\"children\":[{\"type\":\"image\",\"props\":{\"image\":\"wp-content\\\/uploads\\\/2024\\\/05\\\/palazzoZimara_restaurant_38-scaled.jpg\",\"image_svg_color\":\"emphasis\",\"margin\":\"default\"}}]},{\"type\":\"column\",\"props\":{\"image_position\":\"center-center\",\"position_sticky_breakpoint\":\"m\",\"width_medium\":\"1-3\"},\"children\":[{\"type\":\"image\",\"props\":{\"image\":\"wp-content\\\/uploads\\\/2024\\\/05\\\/palazzoZimara_kitchen_05-scaled.jpg\",\"image_svg_color\":\"emphasis\",\"margin\":\"default\"}}]},{\"type\":\"column\",\"props\":{\"image_position\":\"center-center\",\"position_sticky_breakpoint\":\"m\",\"width_medium\":\"1-3\"},\"children\":[{\"type\":\"image\",\"props\":{\"image\":\"wp-content\\\/uploads\\\/2024\\\/05\\\/palazzoZimara_restaurant_36-scaled.jpg\",\"image_svg_color\":\"emphasis\",\"margin\":\"default\"}}]}]},{\"type\":\"row\",\"props\":{\"layout\":\"1-3,1-3,1-3\"},\"children\":[{\"type\":\"column\",\"props\":{\"image_position\":\"center-center\",\"position_sticky_breakpoint\":\"m\",\"width_medium\":\"1-3\"},\"children\":[{\"type\":\"image\",\"props\":{\"image\":\"wp-content\\\/uploads\\\/2024\\\/05\\\/palazzoZimara_ingredients_05-scaled.jpg\",\"image_svg_color\":\"emphasis\",\"margin\":\"default\"}}]},{\"type\":\"column\",\"props\":{\"image_position\":\"center-center\",\"position_sticky_breakpoint\":\"m\",\"width_medium\":\"1-3\"},\"children\":[{\"type\":\"image\",\"props\":{\"image\":\"wp-content\\\/uploads\\\/2024\\\/05\\\/palazzoZimara_kitchen_24-scaled.jpg\",\"image_svg_color\":\"emphasis\",\"margin\":\"default\"}}]},{\"type\":\"column\",\"props\":{\"image_position\":\"center-center\",\"position_sticky_breakpoint\":\"m\",\"width_medium\":\"1-3\"},\"children\":[{\"type\":\"image\",\"props\":{\"image\":\"wp-content\\\/uploads\\\/2024\\\/05\\\/palazzoZimara_service_01-scaled.jpg\",\"image_svg_color\":\"emphasis\",\"margin\":\"default\"}}]}]}]}],\"version\":\"4.4.17\"} --><\/p>\n","protected":false},"excerpt":{"rendered":"<p>La Bocca Restaurant Il ristorante La Bocca offre agli ospiti un&#8217;esperienza gastronomica a km0 unica sia all&#8217;interno di una raffinata sala da pranzo che all&#8217;aperto in un intimo cortile con giardino. La filosofia del ristorante \u00e8 valorizzare la cucina locale e far sentire anche il cliente parte del viaggio. Spiegare ogni piatto, soddisfare le esigenze [&hellip;]<\/p>\n","protected":false},"author":1,"featured_media":1068,"parent":0,"menu_order":0,"comment_status":"closed","ping_status":"closed","template":"","meta":{"footnotes":""},"class_list":["post-1105","page","type-page","status-publish","has-post-thumbnail","hentry"],"yoast_head":"<!-- This site is optimized with the Yoast SEO plugin v27.0 - https:\/\/yoast.com\/product\/yoast-seo-wordpress\/ -->\n<title>La Bocca Restaurant - Palazzo Zimara<\/title>\n<meta name=\"description\" content=\"Il ristorante La Bocca offre agli ospiti un\u2019esperienza gastronomica a km0 unica sia all\u2019interno di una raffinata sala da pranzo\" \/>\n<meta name=\"robots\" content=\"index, follow, max-snippet:-1, max-image-preview:large, max-video-preview:-1\" \/>\n<link rel=\"canonical\" href=\"https:\/\/palazzozimara.it\/it\/la-bocca-restaurant\/\" \/>\n<meta property=\"og:locale\" content=\"it_IT\" \/>\n<meta property=\"og:type\" content=\"article\" \/>\n<meta property=\"og:title\" content=\"La Bocca Restaurant - Palazzo Zimara\" \/>\n<meta property=\"og:description\" content=\"Il ristorante La Bocca offre agli ospiti un\u2019esperienza gastronomica a km0 unica sia all\u2019interno di una raffinata sala da pranzo\" \/>\n<meta property=\"og:url\" content=\"https:\/\/palazzozimara.it\/it\/la-bocca-restaurant\/\" \/>\n<meta property=\"og:site_name\" content=\"Palazzo Zimara\" \/>\n<meta property=\"article:modified_time\" content=\"2025-04-19T16:49:38+00:00\" \/>\n<meta property=\"og:image\" content=\"https:\/\/palazzozimara.it\/wp-content\/uploads\/2024\/05\/la_bocca_restaurant.jpg\" \/>\n\t<meta property=\"og:image:width\" content=\"2000\" \/>\n\t<meta property=\"og:image:height\" content=\"1333\" \/>\n\t<meta property=\"og:image:type\" content=\"image\/jpeg\" \/>\n<meta name=\"twitter:card\" content=\"summary_large_image\" \/>\n<meta name=\"twitter:label1\" content=\"Tempo di lettura stimato\" \/>\n\t<meta name=\"twitter:data1\" content=\"5 minuti\" \/>\n<script type=\"application\/ld+json\" class=\"yoast-schema-graph\">{\"@context\":\"https:\/\/schema.org\",\"@graph\":[{\"@type\":\"WebPage\",\"@id\":\"https:\/\/palazzozimara.it\/it\/la-bocca-restaurant\/\",\"url\":\"https:\/\/palazzozimara.it\/it\/la-bocca-restaurant\/\",\"name\":\"La Bocca Restaurant - Palazzo Zimara\",\"isPartOf\":{\"@id\":\"https:\/\/palazzozimara.it\/#website\"},\"primaryImageOfPage\":{\"@id\":\"https:\/\/palazzozimara.it\/it\/la-bocca-restaurant\/#primaryimage\"},\"image\":{\"@id\":\"https:\/\/palazzozimara.it\/it\/la-bocca-restaurant\/#primaryimage\"},\"thumbnailUrl\":\"https:\/\/palazzozimara.it\/wp-content\/uploads\/2024\/05\/la_bocca_restaurant.jpg\",\"datePublished\":\"2023-09-11T14:15:53+00:00\",\"dateModified\":\"2025-04-19T16:49:38+00:00\",\"description\":\"Il ristorante La Bocca offre agli ospiti un\u2019esperienza gastronomica a km0 unica sia all\u2019interno di una raffinata sala da pranzo\",\"breadcrumb\":{\"@id\":\"https:\/\/palazzozimara.it\/it\/la-bocca-restaurant\/#breadcrumb\"},\"inLanguage\":\"it-IT\",\"potentialAction\":[{\"@type\":\"ReadAction\",\"target\":[\"https:\/\/palazzozimara.it\/it\/la-bocca-restaurant\/\"]}]},{\"@type\":\"ImageObject\",\"inLanguage\":\"it-IT\",\"@id\":\"https:\/\/palazzozimara.it\/it\/la-bocca-restaurant\/#primaryimage\",\"url\":\"https:\/\/palazzozimara.it\/wp-content\/uploads\/2024\/05\/la_bocca_restaurant.jpg\",\"contentUrl\":\"https:\/\/palazzozimara.it\/wp-content\/uploads\/2024\/05\/la_bocca_restaurant.jpg\",\"width\":2000,\"height\":1333},{\"@type\":\"BreadcrumbList\",\"@id\":\"https:\/\/palazzozimara.it\/it\/la-bocca-restaurant\/#breadcrumb\",\"itemListElement\":[{\"@type\":\"ListItem\",\"position\":1,\"name\":\"Home\",\"item\":\"https:\/\/palazzozimara.it\/\"},{\"@type\":\"ListItem\",\"position\":2,\"name\":\"La Bocca Restaurant\"}]},{\"@type\":\"WebSite\",\"@id\":\"https:\/\/palazzozimara.it\/#website\",\"url\":\"https:\/\/palazzozimara.it\/\",\"name\":\"Palazzo Zimara\",\"description\":\"Luxury Boutique Hotel - Lecce\",\"publisher\":{\"@id\":\"https:\/\/palazzozimara.it\/#organization\"},\"potentialAction\":[{\"@type\":\"SearchAction\",\"target\":{\"@type\":\"EntryPoint\",\"urlTemplate\":\"https:\/\/palazzozimara.it\/?s={search_term_string}\"},\"query-input\":{\"@type\":\"PropertyValueSpecification\",\"valueRequired\":true,\"valueName\":\"search_term_string\"}}],\"inLanguage\":\"it-IT\"},{\"@type\":\"Organization\",\"@id\":\"https:\/\/palazzozimara.it\/#organization\",\"name\":\"Palazzo Zimara\",\"url\":\"https:\/\/palazzozimara.it\/\",\"logo\":{\"@type\":\"ImageObject\",\"inLanguage\":\"it-IT\",\"@id\":\"https:\/\/palazzozimara.it\/#\/schema\/logo\/image\/\",\"url\":\"https:\/\/palazzozimara.it\/wp-content\/uploads\/2024\/05\/logo_palazzo_zimara_social.jpg\",\"contentUrl\":\"https:\/\/palazzozimara.it\/wp-content\/uploads\/2024\/05\/logo_palazzo_zimara_social.jpg\",\"width\":963,\"height\":633,\"caption\":\"Palazzo Zimara\"},\"image\":{\"@id\":\"https:\/\/palazzozimara.it\/#\/schema\/logo\/image\/\"},\"sameAs\":[\"https:\/\/www.instagram.com\/palazzozimara\/\"]}]}<\/script>\n<!-- \/ Yoast SEO plugin. -->","yoast_head_json":{"title":"La Bocca Restaurant - Palazzo Zimara","description":"Il ristorante La Bocca offre agli ospiti un\u2019esperienza gastronomica a km0 unica sia all\u2019interno di una raffinata sala da pranzo","robots":{"index":"index","follow":"follow","max-snippet":"max-snippet:-1","max-image-preview":"max-image-preview:large","max-video-preview":"max-video-preview:-1"},"canonical":"https:\/\/palazzozimara.it\/it\/la-bocca-restaurant\/","og_locale":"it_IT","og_type":"article","og_title":"La Bocca Restaurant - Palazzo Zimara","og_description":"Il ristorante La Bocca offre agli ospiti un\u2019esperienza gastronomica a km0 unica sia all\u2019interno di una raffinata sala da pranzo","og_url":"https:\/\/palazzozimara.it\/it\/la-bocca-restaurant\/","og_site_name":"Palazzo Zimara","article_modified_time":"2025-04-19T16:49:38+00:00","og_image":[{"width":2000,"height":1333,"url":"https:\/\/palazzozimara.it\/wp-content\/uploads\/2024\/05\/la_bocca_restaurant.jpg","type":"image\/jpeg"}],"twitter_card":"summary_large_image","twitter_misc":{"Tempo di lettura stimato":"5 minuti"},"schema":{"@context":"https:\/\/schema.org","@graph":[{"@type":"WebPage","@id":"https:\/\/palazzozimara.it\/it\/la-bocca-restaurant\/","url":"https:\/\/palazzozimara.it\/it\/la-bocca-restaurant\/","name":"La Bocca Restaurant - Palazzo Zimara","isPartOf":{"@id":"https:\/\/palazzozimara.it\/#website"},"primaryImageOfPage":{"@id":"https:\/\/palazzozimara.it\/it\/la-bocca-restaurant\/#primaryimage"},"image":{"@id":"https:\/\/palazzozimara.it\/it\/la-bocca-restaurant\/#primaryimage"},"thumbnailUrl":"https:\/\/palazzozimara.it\/wp-content\/uploads\/2024\/05\/la_bocca_restaurant.jpg","datePublished":"2023-09-11T14:15:53+00:00","dateModified":"2025-04-19T16:49:38+00:00","description":"Il ristorante La Bocca offre agli ospiti un\u2019esperienza gastronomica a km0 unica sia all\u2019interno di una raffinata sala da pranzo","breadcrumb":{"@id":"https:\/\/palazzozimara.it\/it\/la-bocca-restaurant\/#breadcrumb"},"inLanguage":"it-IT","potentialAction":[{"@type":"ReadAction","target":["https:\/\/palazzozimara.it\/it\/la-bocca-restaurant\/"]}]},{"@type":"ImageObject","inLanguage":"it-IT","@id":"https:\/\/palazzozimara.it\/it\/la-bocca-restaurant\/#primaryimage","url":"https:\/\/palazzozimara.it\/wp-content\/uploads\/2024\/05\/la_bocca_restaurant.jpg","contentUrl":"https:\/\/palazzozimara.it\/wp-content\/uploads\/2024\/05\/la_bocca_restaurant.jpg","width":2000,"height":1333},{"@type":"BreadcrumbList","@id":"https:\/\/palazzozimara.it\/it\/la-bocca-restaurant\/#breadcrumb","itemListElement":[{"@type":"ListItem","position":1,"name":"Home","item":"https:\/\/palazzozimara.it\/"},{"@type":"ListItem","position":2,"name":"La Bocca Restaurant"}]},{"@type":"WebSite","@id":"https:\/\/palazzozimara.it\/#website","url":"https:\/\/palazzozimara.it\/","name":"Palazzo Zimara","description":"Luxury Boutique Hotel - Lecce","publisher":{"@id":"https:\/\/palazzozimara.it\/#organization"},"potentialAction":[{"@type":"SearchAction","target":{"@type":"EntryPoint","urlTemplate":"https:\/\/palazzozimara.it\/?s={search_term_string}"},"query-input":{"@type":"PropertyValueSpecification","valueRequired":true,"valueName":"search_term_string"}}],"inLanguage":"it-IT"},{"@type":"Organization","@id":"https:\/\/palazzozimara.it\/#organization","name":"Palazzo Zimara","url":"https:\/\/palazzozimara.it\/","logo":{"@type":"ImageObject","inLanguage":"it-IT","@id":"https:\/\/palazzozimara.it\/#\/schema\/logo\/image\/","url":"https:\/\/palazzozimara.it\/wp-content\/uploads\/2024\/05\/logo_palazzo_zimara_social.jpg","contentUrl":"https:\/\/palazzozimara.it\/wp-content\/uploads\/2024\/05\/logo_palazzo_zimara_social.jpg","width":963,"height":633,"caption":"Palazzo Zimara"},"image":{"@id":"https:\/\/palazzozimara.it\/#\/schema\/logo\/image\/"},"sameAs":["https:\/\/www.instagram.com\/palazzozimara\/"]}]}},"_links":{"self":[{"href":"https:\/\/palazzozimara.it\/it\/wp-json\/wp\/v2\/pages\/1105","targetHints":{"allow":["GET"]}}],"collection":[{"href":"https:\/\/palazzozimara.it\/it\/wp-json\/wp\/v2\/pages"}],"about":[{"href":"https:\/\/palazzozimara.it\/it\/wp-json\/wp\/v2\/types\/page"}],"author":[{"embeddable":true,"href":"https:\/\/palazzozimara.it\/it\/wp-json\/wp\/v2\/users\/1"}],"replies":[{"embeddable":true,"href":"https:\/\/palazzozimara.it\/it\/wp-json\/wp\/v2\/comments?post=1105"}],"version-history":[{"count":8,"href":"https:\/\/palazzozimara.it\/it\/wp-json\/wp\/v2\/pages\/1105\/revisions"}],"predecessor-version":[{"id":1381,"href":"https:\/\/palazzozimara.it\/it\/wp-json\/wp\/v2\/pages\/1105\/revisions\/1381"}],"wp:featuredmedia":[{"embeddable":true,"href":"https:\/\/palazzozimara.it\/it\/wp-json\/wp\/v2\/media\/1068"}],"wp:attachment":[{"href":"https:\/\/palazzozimara.it\/it\/wp-json\/wp\/v2\/media?parent=1105"}],"curies":[{"name":"wp","href":"https:\/\/api.w.org\/{rel}","templated":true}]}}